	{"id":2597,"date":"2015-09-11T15:39:51","date_gmt":"2015-09-11T15:39:51","guid":{"rendered":"https:\/\/andreariccardi.it\/?page_id=2597"},"modified":"2015-09-29T10:33:34","modified_gmt":"2015-09-29T08:33:34","slug":"biographie","status":"publish","type":"page","link":"https:\/\/andreariccardi.it\/de\/biographie\/","title":{"rendered":"Biographie"},"content":{"rendered":"<p><img class=\"alignright\" title=\"Andrea Riccardi\" src=\"https:\/\/andreariccardi.it\/userfiles\/image\/andrea-riccardi.jpg\" alt=\"Andrea Riccardi\" \/>Andrea Riccardi ist Lehrstuhlinhaber f\u00fcr Zeitgeschichte an der Universit\u00e4t Roma III.<br \/>\nEr ist als Kenner des zeitgen\u00f6ssischen humanistischen Denkens ein auf internationaler Ebene anerkannter Gespr\u00e4chspartner. So wurde ihm von zahlreichen Universit\u00e4ten die Ehrendoktorw\u00fcrde f\u00fcr seine historischen und kulturellen Verdienste verliehen: Katholische Universit\u00e4t L\u00f6wen (Belgien), Card. Herrera Universit\u00e4t \u2013 CEU Valencia (Spanien), Georgetown University Washington (USA), Universit\u00e4t Augsburg (Deutschland), Jean Moulin Universit\u00e4t Lyon 3 (\u201een raison de services \u00e9minents \u00e0 la paix et \u00e0 l\u2019Universit\u00e9\u201c).<\/p>\n<p>Au\u00dferdem hat Riccardi internationalen Ruf erlangt als Gr\u00fcnder der Gemeinschaft Sant\u2019Egidio im Jahr 1968. Neben sozialem Engagement und zahlreichen Entwicklungshilfeprojekten im S\u00fcden der Welt ist Sant\u2019Egidio f\u00fcr seine Friedensarbeit und den Einsatz f\u00fcr den Dialog bekannt. Eine besondere Rolle spielte Riccardi als Vermittler bei verschiedenen Konflikten. Dadurch hat er einen Beitrag zu Friedensschl\u00fcssen z. B. in Mosambik, Guatemala oder der Elfenbeink\u00fcste geleistet. Die Zeitschrift \u201eTime\u201c nahm ihn 2003 in die Liste der 36 \u201emodernen Helden\u201c Europas auf, die sich durch professionellen Mut und humanit\u00e4res Engagement auszeichnen.<\/p>\n<p>Seit 1981 ist er ordentlicher Professor und lehrte an den Universit\u00e4ten von Bari und an der Sapienza in Rom. Er ist Experte f\u00fcr neuere und neueste Kirchengeschichte, sowie allgemein f\u00fcr das Ph\u00e4nomen der Religion. Zu den neueren Ver\u00f6ffentlichungen z\u00e4hlen: <em>Giovanni Paolo II, la biografia [Johannes Paul II. Die Biographie]<\/em> (San Paolo 2010, erschienen auch in Franz\u00f6sisch, Spanisch, Portugiesisch); <em>Salz der Erde, Licht der Welt. Glaubenszeugnis und Christenverfolgung im 20. Jahrhundert<\/em>, Freiburg 2002 (in zehn Sprachen \u00fcbersetzt), <em>Governo carismatico [Charismatische Amtsf\u00fchrung]<\/em> (Mailand 2003), <em>Die Kunst des Zusammenlebens<\/em> (W\u00fcrzburg 2008), <em>Il \u201ePartito Romano\u201c [Die \u201er\u00f6mische Partei\u201c]<\/em> (Brescia 2007). Eines seiner neuesten B\u00fccher <em>L\u2019inverno pi\u00f9 lungo. 1943-44: Pio XII<\/em>, gli ebrei e i nazisti a Roma [Der l\u00e4ngste Winter. 1943-44: Pius XII., die Juden und die Nationalsozialisten in Rom] (Rom 2008) besch\u00e4ftigt sich mit der nationalsozialistischen Besatzung in Rom und untersucht nicht nur die Frage der Juden und ihrer Verfolger, sondern die gesamte komplexe Welt der Stadt in dieser historischen Phase: Kollaborateure, schweigende Zeugen, ver\u00e4ngstigte und mutige Menschen, die Kirche.<\/p>\n<p>Andrea Riccardi wurde am 18. November 2004 von der Internationalen Stiftung Preis Balzan mit dem Balzanpreis 2004 f\u00fcr Humanit\u00e4t, Frieden und Br\u00fcderlichkeit unter den V\u00f6lkern ausgezeichnet. \u201eF\u00fcr den Einsatz zur F\u00f6rderung des weltweiten friedlichen Zusammenlebens unter verschiedenen ethnischen Gruppen und zum Aufbau von humanit\u00e4rem, friedlichem und br\u00fcderlichem Handeln unter den V\u00f6lkern unabh\u00e4ngig von der religi\u00f6sen \u00dcberzeugung und insbesondere f\u00fcr die Umsetzung des DREAM-Programms zur Bek\u00e4mpfung von AIDS und Unterern\u00e4hrung, das in Mosambik durchgef\u00fchrt wird und ein konkretes Modell f\u00fcr andere bed\u00fcrftige afrikanische L\u00e4nder ist\u201c.<\/p>\n<p>Am 21. Mai 2009 wurde er mit dem Karlspreis ausgezeichnet, der Personen und Institutionen zuerkannt wird, die sich in besonderer Weise f\u00fcr den Aufbau eines vereinten Europas und die Verbreitung einer Kultur des Friedens und Dialogs hervorgetan haben. In den vergangenen Jahren wurden vor allem europ\u00e4ische Staatsm\u00e4nner wie Alcide De Gasperi, Konrad Adenauer, Winston Churchill, Robert Schumann, Carlo Azeglio Ciampi und Angela Merkel ausgezeichnet. Er geh\u00f6rt zu den wenigen Nichtpolitikern, die den Preis erhalten haben. In der Begr\u00fcndung hei\u00dft es: \u201eIn W\u00fcrdigung eines herausragenden Beispiels zivilgesellschaftlichen Engagements f\u00fcr ein menschliches und \u2013 innerhalb wie au\u00dferhalb seiner Grenzen \u2013 solidarisches Europa, f\u00fcr die Verst\u00e4ndigung von V\u00f6lkern, Kulturen und Religionen und f\u00fcr eine friedlichere und gerechtere Welt\u201c.<\/p>\n<p>Am 16. November 2011 wurde er Mitglied der Regierung Monti und hat das Amt des Ministers (ohne Gesch\u00e4ftsbereich) f\u00fcr internationale Zusammenarbeit und Integration \u00fcbernommen.<\/p>\n","protected":false},"excerpt":{"rendered":"<p>Andrea Riccardi ist Lehrstuhlinhaber f\u00fcr Zeitgeschichte an der Universit\u00e4t Roma III. Er ist als Kenner des zeitgen\u00f6ssischen humanistischen Denkens ein auf internationaler Ebene anerkannter Gespr\u00e4chspartner. Au\u00dferdem hat Riccardi internationalen Ruf erlangt als Gr\u00fcnder der Gemeinschaft Sant&#8217;Egidio im Jahr 1968. Neben sozialem Engagement und zahlreichen Entwicklungshilfeprojekten im S\u00fcden der Welt ist Sant&#8217;Egidio f\u00fcr seine Friedensarbeit und den Einsatz f\u00fcr den Dialog bekannt. Andrea Riccardi wurde am 18. November 2004 von der Internationalen Stiftung Preis Balzan mit dem Balzanpreis 2004. Am 21. Mai 2009 wurde er mit dem Karlspreis ausgezeichnet, der Personen und Institutionen zuerkannt wird, die sich in besonderer Weise f\u00fcr den Aufbau eines vereinten Europas und die Verbreitung einer Kultur des Friedens und Dialogs hervorgetan haben.<br \/>\nAm 16. November 2011 wurde er Mitglied der Regierung Monti und hat das Amt des Ministers (ohne Gesch\u00e4ftsbereich) f\u00fcr internationale Zusammenarbeit und Integration \u00fcbernommen.<\/p>\n","protected":false},"author":1,"featured_media":0,"parent":0,"menu_order":0,"comment_status":"closed","ping_status":"closed","template":"templates\/biografia.php","meta":{"spay_email":""},"jetpack_sharing_enabled":true,"jetpack_shortlink":"https:\/\/wp.me\/P6OC55-FT","_links":{"self":[{"href":"https:\/\/andreariccardi.it\/de\/wp-json\/wp\/v2\/pages\/2597"}],"collection":[{"href":"https:\/\/andreariccardi.it\/de\/wp-json\/wp\/v2\/pages"}],"about":[{"href":"https:\/\/andreariccardi.it\/de\/wp-json\/wp\/v2\/types\/page"}],"author":[{"embeddable":true,"href":"https:\/\/andreariccardi.it\/de\/wp-json\/wp\/v2\/users\/1"}],"replies":[{"embeddable":true,"href":"https:\/\/andreariccardi.it\/de\/wp-json\/wp\/v2\/comments?post=2597"}],"version-history":[{"count":0,"href":"https:\/\/andreariccardi.it\/de\/wp-json\/wp\/v2\/pages\/2597\/revisions"}],"wp:attachment":[{"href":"https:\/\/andreariccardi.it\/de\/wp-json\/wp\/v2\/media?parent=2597"}],"curies":[{"name":"wp","href":"https:\/\/api.w.org\/{rel}","templated":true}]}}